{"id":8482,"date":"2025-01-31T08:02:54","date_gmt":"2025-01-31T08:02:54","guid":{"rendered":"https:\/\/tcgwbrueserberg.de\/?page_id=8482"},"modified":"2025-01-31T08:02:54","modified_gmt":"2025-01-31T08:02:54","slug":"inklusives-training","status":"publish","type":"page","link":"https:\/\/tcgwbrueserberg.de\/?page_id=8482","title":{"rendered":"Inklusives Training"},"content":{"rendered":"\n<p><strong>Kostenloses Training und Angebote zum Spielen<\/strong><\/p>\n\n\n\n<p>Inklusion und Tennis \u2013 das passt super zusammen. Wir laden Menschen mit Behinderung ein, Tennis als Sport zu entdecken und auszuprobieren.<\/p>\n\n\n\n<p>Der TC Gr\u00fcn-Wei\u00df Br\u00fcser Berg war als Sportst\u00e4tte f\u00fcr die Tenniswettbewerbe Teil der Special Olympics Landesspiele in Bonn 2022. Wir haben das zum Anlass genommen, unser Angebot f\u00fcr Menschen mit Behinderung auch \u00fcber das Event hinaus zu verst\u00e4rken. Das Training wird von Philipp Kreuzner geleitet, der als Trainer f\u00fcr Inklusion im Tennis qualifiziert ist<\/p>\n\n\n\n<p>Alle Interessierten k\u00f6nnen sich unter der E-Mail inklusion@tcgwbrueserberg.de an uns wenden. Ihr k\u00f6nnt gerne auch bei einem Training zuschauen und euch selbst ein Bild machen.<\/p>\n\n\n\n<p>Leider ist bei uns auf der Anlage der Zugang zu Toiletten und Umkleiden nicht barrierefrei. Wir zeigen euch gerne die Anlage und tauschen uns mit euch \u00fcber Anforderungen und M\u00f6glichkeiten aus.<\/p>\n\n\n\n<figure class=\"wp-block-gallery has-nested-images columns-default is-cropped wp-block-gallery-1 is-layout-flex wp-block-gallery-is-layout-flex\">\n<figure class=\"wp-block-image size-large\"><img loading=\"lazy\" decoding=\"async\" width=\"240\" height=\"240\" data-id=\"7830\" src=\"https:\/\/tcgwbrueserberg.de\/wp-content\/uploads\/2022\/05\/240x240_IMG_8471.jpeg\" alt=\"\" class=\"wp-image-7830\" srcset=\"https:\/\/tcgwbrueserberg.de\/wp-content\/uploads\/2022\/05\/240x240_IMG_8471.jpeg 240w, https:\/\/tcgwbrueserberg.de\/wp-content\/uploads\/2022\/05\/240x240_IMG_8471-150x150.jpeg 150w, https:\/\/tcgwbrueserberg.de\/wp-content\/uploads\/2022\/05\/240x240_IMG_8471-174x174.jpeg 174w\" sizes=\"auto, (max-width: 240px) 100vw, 240px\" \/><\/figure>\n\n\n\n<figure class=\"wp-block-image size-large\"><img loading=\"lazy\" decoding=\"async\" width=\"240\" height=\"240\" data-id=\"8232\" src=\"https:\/\/tcgwbrueserberg.de\/wp-content\/uploads\/2023\/08\/20230804_Viele_schaffen_mehr_HP.jpeg\" alt=\"\" class=\"wp-image-8232\" srcset=\"https:\/\/tcgwbrueserberg.de\/wp-content\/uploads\/2023\/08\/20230804_Viele_schaffen_mehr_HP.jpeg 240w, https:\/\/tcgwbrueserberg.de\/wp-content\/uploads\/2023\/08\/20230804_Viele_schaffen_mehr_HP-150x150.jpeg 150w, https:\/\/tcgwbrueserberg.de\/wp-content\/uploads\/2023\/08\/20230804_Viele_schaffen_mehr_HP-174x174.jpeg 174w\" sizes=\"auto, (max-width: 240px) 100vw, 240px\" \/><\/figure>\n<\/figure>\n\n\n\n<p><\/p>\n","protected":false},"excerpt":{"rendered":"<p>Kostenloses Training und Angebote zum Spielen Inklusion und Tennis \u2013 das passt super zusammen. Wir laden Menschen mit Behinderung ein, Tennis als Sport zu entdecken und auszuprobieren. Der TC Gr\u00fcn-Wei\u00df Br\u00fcser Berg war als Sportst\u00e4tte f\u00fcr die Tenniswettbewerbe Teil der Special Olympics Landesspiele in Bonn 2022. Wir haben das zum Anlass genommen, unser Angebot f\u00fcr [&hellip;]<\/p>\n","protected":false},"author":3,"featured_media":0,"parent":0,"menu_order":0,"comment_status":"closed","ping_status":"closed","template":"","meta":{"footnotes":""},"class_list":["post-8482","page","type-page","status-publish","hentry"],"_links":{"self":[{"href":"https:\/\/tcgwbrueserberg.de\/index.php?rest_route=\/wp\/v2\/pages\/8482","targetHints":{"allow":["GET"]}}],"collection":[{"href":"https:\/\/tcgwbrueserberg.de\/index.php?rest_route=\/wp\/v2\/pages"}],"about":[{"href":"https:\/\/tcgwbrueserberg.de\/index.php?rest_route=\/wp\/v2\/types\/page"}],"author":[{"embeddable":true,"href":"https:\/\/tcgwbrueserberg.de\/index.php?rest_route=\/wp\/v2\/users\/3"}],"replies":[{"embeddable":true,"href":"https:\/\/tcgwbrueserberg.de\/index.php?rest_route=%2Fwp%2Fv2%2Fcomments&post=8482"}],"version-history":[{"count":1,"href":"https:\/\/tcgwbrueserberg.de\/index.php?rest_route=\/wp\/v2\/pages\/8482\/revisions"}],"predecessor-version":[{"id":8483,"href":"https:\/\/tcgwbrueserberg.de\/index.php?rest_route=\/wp\/v2\/pages\/8482\/revisions\/8483"}],"wp:attachment":[{"href":"https:\/\/tcgwbrueserberg.de\/index.php?rest_route=%2Fwp%2Fv2%2Fmedia&parent=8482"}],"curies":[{"name":"wp","href":"https:\/\/api.w.org\/{rel}","templated":true}]}}