{"id":8237,"date":"2023-08-12T20:44:00","date_gmt":"2023-08-12T18:44:00","guid":{"rendered":"http:\/\/www.tcgwbrueserberg.de\/?page_id=8237"},"modified":"2023-08-13T07:57:57","modified_gmt":"2023-08-13T05:57:57","slug":"digitalisierung","status":"publish","type":"page","link":"https:\/\/tcgwbrueserberg.de\/?page_id=8237","title":{"rendered":"Digitalisierung"},"content":{"rendered":"\n<p>Digitalisierung im Breitensport: Dank 30 Mio. Euro F\u00f6rdermitteln vom Land NRW k\u00f6nnen Vereine Ma\u00dfnahmen im Bereich der Digitalisierung f\u00f6rdern.<\/p>\n\n\n\n<p>\u00dcber den Stadtsportbund erh\u00e4lt der TCGW Br\u00fcser Berg insgesamt rund 15.000 Euro. Damit k\u00f6nnen wir unser Schlie\u00dfsystem auf Digitalisierung umr\u00fcsten und die in die Jahre gekommenen Schlie\u00dfzylinder austauschen. Die Probleme vieler Mitglieder, mit dem jetzt vorhandenen Schl\u00fcssel eine T\u00fcr aufzuschlie\u00dfen, haben sich dann erledigt. Vielen Dank an das Land NRW f\u00fcr diese Modernisierungsm\u00f6glichkeit \u2013 und an den Stadtsportbund f\u00fcr die gute Zusammenarbeit!<\/p>\n\n\n\n<figure class=\"wp-block-image is-resized\"><img loading=\"lazy\" decoding=\"async\" src=\"https:\/\/www.tcgwbrueserberg.de\/wp-content\/uploads\/2023\/08\/REACT_EU_Visual.jpg\" alt=\"\" class=\"wp-image-8238\" width=\"179\" height=\"178\" srcset=\"https:\/\/tcgwbrueserberg.de\/wp-content\/uploads\/2023\/08\/REACT_EU_Visual.jpg 715w, https:\/\/tcgwbrueserberg.de\/wp-content\/uploads\/2023\/08\/REACT_EU_Visual-150x150.jpg 150w, https:\/\/tcgwbrueserberg.de\/wp-content\/uploads\/2023\/08\/REACT_EU_Visual-300x298.jpg 300w, https:\/\/tcgwbrueserberg.de\/wp-content\/uploads\/2023\/08\/REACT_EU_Visual-500x500.jpg 500w, https:\/\/tcgwbrueserberg.de\/wp-content\/uploads\/2023\/08\/REACT_EU_Visual-400x400.jpg 400w, https:\/\/tcgwbrueserberg.de\/wp-content\/uploads\/2023\/08\/REACT_EU_Visual-250x250.jpg 250w, https:\/\/tcgwbrueserberg.de\/wp-content\/uploads\/2023\/08\/REACT_EU_Visual-174x174.jpg 174w\" sizes=\"auto, (max-width: 179px) 100vw, 179px\" \/><\/figure>\n","protected":false},"excerpt":{"rendered":"<p>Digitalisierung im Breitensport: Dank 30 Mio. Euro F\u00f6rdermitteln vom Land NRW k\u00f6nnen Vereine Ma\u00dfnahmen im Bereich der Digitalisierung f\u00f6rdern. \u00dcber den Stadtsportbund erh\u00e4lt der TCGW Br\u00fcser Berg insgesamt rund 15.000 Euro. Damit k\u00f6nnen wir unser Schlie\u00dfsystem auf Digitalisierung umr\u00fcsten und die in die Jahre gekommenen Schlie\u00dfzylinder austauschen. Die Probleme vieler Mitglieder, mit dem jetzt vorhandenen [&hellip;]<\/p>\n","protected":false},"author":123458,"featured_media":0,"parent":0,"menu_order":0,"comment_status":"closed","ping_status":"closed","template":"","meta":{"footnotes":""},"class_list":["post-8237","page","type-page","status-publish","hentry"],"_links":{"self":[{"href":"https:\/\/tcgwbrueserberg.de\/index.php?rest_route=\/wp\/v2\/pages\/8237","targetHints":{"allow":["GET"]}}],"collection":[{"href":"https:\/\/tcgwbrueserberg.de\/index.php?rest_route=\/wp\/v2\/pages"}],"about":[{"href":"https:\/\/tcgwbrueserberg.de\/index.php?rest_route=\/wp\/v2\/types\/page"}],"author":[{"embeddable":true,"href":"https:\/\/tcgwbrueserberg.de\/index.php?rest_route=\/wp\/v2\/users\/123458"}],"replies":[{"embeddable":true,"href":"https:\/\/tcgwbrueserberg.de\/index.php?rest_route=%2Fwp%2Fv2%2Fcomments&post=8237"}],"version-history":[{"count":2,"href":"https:\/\/tcgwbrueserberg.de\/index.php?rest_route=\/wp\/v2\/pages\/8237\/revisions"}],"predecessor-version":[{"id":8241,"href":"https:\/\/tcgwbrueserberg.de\/index.php?rest_route=\/wp\/v2\/pages\/8237\/revisions\/8241"}],"wp:attachment":[{"href":"https:\/\/tcgwbrueserberg.de\/index.php?rest_route=%2Fwp%2Fv2%2Fmedia&parent=8237"}],"curies":[{"name":"wp","href":"https:\/\/api.w.org\/{rel}","templated":true}]}}