{"id":6925,"date":"2020-09-16T10:27:50","date_gmt":"2020-09-16T08:27:50","guid":{"rendered":"http:\/\/www.tcgwbrueserberg.de\/?page_id=6925"},"modified":"2026-03-21T14:21:27","modified_gmt":"2026-03-21T14:21:27","slug":"hallen","status":"publish","type":"page","link":"https:\/\/tcgwbrueserberg.de\/?page_id=6925","title":{"rendered":"Hallen"},"content":{"rendered":"\n<figure class=\"wp-block-image is-resized\"><img loading=\"lazy\" decoding=\"async\" width=\"1024\" height=\"497\" src=\"http:\/\/www.tcgwbrueserberg.de\/wp-content\/uploads\/2020\/09\/Hallen_Winter-1024x497.jpg\" alt=\"\" class=\"wp-image-6989\" style=\"width:580px;height:282px\" srcset=\"https:\/\/tcgwbrueserberg.de\/wp-content\/uploads\/2020\/09\/Hallen_Winter-1024x497.jpg 1024w, https:\/\/tcgwbrueserberg.de\/wp-content\/uploads\/2020\/09\/Hallen_Winter-300x146.jpg 300w, https:\/\/tcgwbrueserberg.de\/wp-content\/uploads\/2020\/09\/Hallen_Winter-768x373.jpg 768w, https:\/\/tcgwbrueserberg.de\/wp-content\/uploads\/2020\/09\/Hallen_Winter.jpg 1600w\" sizes=\"auto, (max-width: 1024px) 100vw, 1024px\" \/><\/figure>\n\n\n\n<figure class=\"wp-block-image is-resized\"><img loading=\"lazy\" decoding=\"async\" width=\"1024\" height=\"383\" src=\"http:\/\/www.tcgwbrueserberg.de\/wp-content\/uploads\/2020\/09\/Hallen_Homepage-1024x383.jpg\" alt=\"Tennishallen TCGW Br\u00fcser Berg\" class=\"wp-image-6934\" style=\"width:580px;height:192px\" srcset=\"https:\/\/tcgwbrueserberg.de\/wp-content\/uploads\/2020\/09\/Hallen_Homepage-1024x383.jpg 1024w, https:\/\/tcgwbrueserberg.de\/wp-content\/uploads\/2020\/09\/Hallen_Homepage-300x112.jpg 300w, https:\/\/tcgwbrueserberg.de\/wp-content\/uploads\/2020\/09\/Hallen_Homepage-768x287.jpg 768w\" sizes=\"auto, (max-width: 1024px) 100vw, 1024px\" \/><\/figure>\n\n\n\n<p><\/p>\n\n\n\n<hr class=\"wp-block-separator has-css-opacity\"\/>\n\n\n\n<p>Der TCGW Br\u00fcser Berg verf\u00fcgt \u00fcber zwei Tennishallen, die in der Wintersaison von Mitgliedern und Nichtmitgliedern im Abonnement gebucht werden k\u00f6nnen. Mitglieder k\u00f6nnen auch Einzelstunden buchen. <\/p>\n\n\n\n<p>Als einzige Halle im Umkreis bieten wir mit den Tennis Force HS (Hydroslide)-B\u00f6den die gleichen gelenkschonenden Bedingungen wie drau\u00dfen. Hydroslide ist Ziegelmehl wie im Au\u00dfenbereich, muss jedoch nicht bew\u00e4ssert werden. <\/p>\n\n\n\n<p>Im Sommer stehen die Hallen nur Mitgliedern bei Regen und Engp\u00e4ssen zur Verf\u00fcgung. Vorrang haben Medenspiele, danach haben die Trainer das Erstbelegungsrecht.  <\/p>\n\n\n\n<p><\/p>\n\n\n\n<h2 class=\"wp-block-heading\">Buchung Hallen-Abonnement<\/h2>\n\n\n\n<ul class=\"wp-block-list\">\n<li>Die Hallen-Saison 2025\/2026 beginnt am 22.09.2025 und endet am 19.04.2026.<\/li>\n\n\n\n<li>Zur Buchung bitte das Formular ausgef\u00fcllt <a href=\"mailto:hallen@tcgwbrueserberg.de\">per E-Mail senden<\/a> oder im Clubhaus abgeben: <strong><a href=\"https:\/\/tcgwbrueserberg.de\/wp-content\/uploads\/2025\/07\/Buchungsbeleg-Hallenabo_2025-2026.pdf\">Formular Hallenabo 2025\/2026<\/a><\/strong><\/li>\n\n\n\n<li>Gibt es noch freie Stunden? <strong><a href=\"https:\/\/tcgwbrueserberg.de\/wp-content\/uploads\/2025\/10\/141025_Uebersicht-Hallenbelegung-2025-26.pdf\" target=\"_blank\" rel=\"noreferrer noopener\">Aktueller Belegungsplan 2025\/2026<\/a><\/strong><\/li>\n\n\n\n<li>Mit der Buchung erkl\u00e4rt sich der Mieter mit den AGB einverstanden: <a href=\"https:\/\/tcgwbrueserberg.de\/wp-content\/uploads\/2025\/03\/AGB-Nichtmitglieder_20250301.pdf\" target=\"_blank\" rel=\"noreferrer noopener\"><strong>AGB f\u00fcr Nichtmitglieder<\/strong><\/a><\/li>\n\n\n\n<li>Die Stunden am Samstagnachmittag ab 17:00 Uhr werden an einigen Wochenenden durch den Tennisverband gebucht, in der restlichen Zeit k\u00f6nnen Einzelstunden von Mitgliedern oder Abos (mit Abschlag auf die u.g. Preise) gebucht werden.<\/li>\n<\/ul>\n\n\n\n<p><\/p>\n\n\n\n<h2 class=\"wp-block-heading\">Buchung Einzelstunden<\/h2>\n\n\n\n<ul class=\"wp-block-list\">\n<li><strong>Hinweis zur Buchung durch Nichtmitglieder<\/strong>: Aufgrund des zunehmenden Buchungsbedarfs seitens unserer Mitglieder k\u00f6nnen wir momentan leider keine Einzelstunden an Nichtmitglieder vergeben.<\/li>\n\n\n\n<li>Die Buchung f\u00fcr Mitglieder erfolgt \u00fcber das Online-Buchungssystem eBuSy.<\/li>\n\n\n\n<li>Die Stornierung einer gebuchten Einzelstunde ist bis 24 Std. vor Spielbeginn m\u00f6glich.<\/li>\n\n\n\n<li>Die aktuelle Belegung ist jederzeit sichtbar.<\/li>\n\n\n\n<li><strong>Hinweise zur Bezahlung<\/strong>: Die Abrechnung von Halleneinzelstunden erfolgt immer per Lastschrifteinzug \u00fcber das SEPA-Mandat, welches f\u00fcr den Beitragseinzug erteilt wurde.<\/li>\n<\/ul>\n\n\n\n<ul class=\"wp-block-list\">\n<li>Anmeldung und weitere Infos:<\/li>\n<\/ul>\n\n\n\n<p><strong><a href=\"https:\/\/tcgwbrueserberg.ebusy.de\">Online-Buchungssystem eBuSy \u2013 TCGW Br\u00fcser Berg<\/a><\/strong><br><\/p>\n\n\n\n<h2 class=\"wp-block-heading\">Preise<\/h2>\n\n\n\n<h4 class=\"wp-block-heading\">Hallen-Abo, 22.09.2025 bis 19.04.2026 (30 Wochen)<\/h4>\n\n\n\n<figure class=\"wp-block-table\"><table><tbody><tr><td><strong>Zeitraum<\/strong><\/td><td><strong>Mitglieder<br>inkl. 7% Mwst.*<\/strong><\/td><td><strong>Nichtmitglieder<br>inkl. 19% Mwst.*<\/strong><\/td><\/tr><tr><td>Mo. &#8211; Fr. 08.00 &#8211; 14.00 Uhr<\/td><td>\u20ac 465,00<\/td><td>\u20ac 515,00<\/td><\/tr><tr><td>Mo. &#8211; Fr. 14.00 &#8211; 17.00 Uhr<\/td><td>\u20ac 565,00<\/td><td>\u20ac 625,00<\/td><\/tr><tr><td>Mo. &#8211; Fr. 17.00 &#8211; 21.00 Uhr<\/td><td>\u20ac 625,00<\/td><td>\u20ac 690,00<\/td><\/tr><tr><td>Mo. &#8211; Fr. ab 21.00 Uhr<\/td><td>\u20ac 465,00<\/td><td>\u20ac 515,00<\/td><\/tr><tr><td>Sa. u. So. ganzt\u00e4gig<\/td><td>\u20ac 465,00<\/td><td>\u20ac 515,00<\/td><\/tr><\/tbody><\/table><\/figure>\n\n\n\n<p>*) Da wir f\u00fcr Mitglieder und Nichtmitglieder unterschiedliche Mehrwertsteuer abf\u00fchren, m\u00fcssen wir die Preise unterschiedlich staffeln und ausweisen.<\/p>\n\n\n\n<h4 class=\"wp-block-heading\">Einzelstunden<\/h4>\n\n\n\n<figure class=\"wp-block-table\"><table><tbody><tr><td><strong>Zeitraum<\/strong><\/td><td><strong>Mitglieder<br>inkl. 7% Mwst.<\/strong><\/td><\/tr><tr><td>Mo. &#8211; Fr. 08.00 &#8211; 14.00 Uhr<\/td><td>\u20ac 19,00<\/td><\/tr><tr><td>Mo. &#8211; Fr. 14.00 &#8211; 17.00 Uhr<\/td><td>\u20ac 22,00<\/td><\/tr><tr><td>Mo. &#8211; Fr. 17.00 &#8211; 21.00 Uhr<\/td><td>\u20ac 24,00<\/td><\/tr><tr><td>Mo-Fr. ab 21:00 Uhr<\/td><td>\u20ac 19,00<\/td><\/tr><tr><td>Sa. u. So. ganzt\u00e4gig<\/td><td>\u20ac 19,00<\/td><\/tr><\/tbody><\/table><\/figure>\n\n\n\n<p><\/p>\n\n\n\n<p>Alle Preise verstehen sich <strong>einschlie\u00dflich<\/strong> Licht und Heizung.<\/p>\n\n\n\n<h2 class=\"wp-block-heading\">Kontakt<\/h2>\n\n\n\n<p>Noch Fragen? Andrea Schulten&nbsp;hilft als Ansprechpartnerin gerne weiter:<\/p>\n\n\n\n<p>Telefon: 0176 \/ 8340 4718<br>E-Mail: <a href=\"mailto:hallen@tcgwbrueserberg.de\">hallen@tcgwbrueserberg.de<\/a>&nbsp;<\/p>\n","protected":false},"excerpt":{"rendered":"<p>Der TCGW Br\u00fcser Berg verf\u00fcgt \u00fcber zwei Tennishallen, die in der Wintersaison von Mitgliedern und Nichtmitgliedern im Abonnement gebucht werden k\u00f6nnen. Mitglieder k\u00f6nnen auch Einzelstunden buchen. Als einzige Halle im Umkreis bieten wir mit den Tennis Force HS (Hydroslide)-B\u00f6den die gleichen gelenkschonenden Bedingungen wie drau\u00dfen. Hydroslide ist Ziegelmehl wie im Au\u00dfenbereich, muss jedoch nicht bew\u00e4ssert [&hellip;]<\/p>\n","protected":false},"author":123458,"featured_media":0,"parent":0,"menu_order":0,"comment_status":"closed","ping_status":"closed","template":"","meta":{"footnotes":""},"class_list":["post-6925","page","type-page","status-publish","hentry"],"_links":{"self":[{"href":"https:\/\/tcgwbrueserberg.de\/index.php?rest_route=\/wp\/v2\/pages\/6925","targetHints":{"allow":["GET"]}}],"collection":[{"href":"https:\/\/tcgwbrueserberg.de\/index.php?rest_route=\/wp\/v2\/pages"}],"about":[{"href":"https:\/\/tcgwbrueserberg.de\/index.php?rest_route=\/wp\/v2\/types\/page"}],"author":[{"embeddable":true,"href":"https:\/\/tcgwbrueserberg.de\/index.php?rest_route=\/wp\/v2\/users\/123458"}],"replies":[{"embeddable":true,"href":"https:\/\/tcgwbrueserberg.de\/index.php?rest_route=%2Fwp%2Fv2%2Fcomments&post=6925"}],"version-history":[{"count":133,"href":"https:\/\/tcgwbrueserberg.de\/index.php?rest_route=\/wp\/v2\/pages\/6925\/revisions"}],"predecessor-version":[{"id":8715,"href":"https:\/\/tcgwbrueserberg.de\/index.php?rest_route=\/wp\/v2\/pages\/6925\/revisions\/8715"}],"wp:attachment":[{"href":"https:\/\/tcgwbrueserberg.de\/index.php?rest_route=%2Fwp%2Fv2%2Fmedia&parent=6925"}],"curies":[{"name":"wp","href":"https:\/\/api.w.org\/{rel}","templated":true}]}}