{"id":551,"date":"2015-12-26T20:36:23","date_gmt":"2015-12-26T19:36:23","guid":{"rendered":"http:\/\/tcgwbb.azurewebsites.net\/?page_id=551"},"modified":"2026-03-28T09:55:59","modified_gmt":"2026-03-28T09:55:59","slug":"mitgliedschaft","status":"publish","type":"page","link":"https:\/\/tcgwbrueserberg.de\/?page_id=551","title":{"rendered":"Mitglied werden"},"content":{"rendered":"<p><span style=\"font-family: arial,helvetica,sans-serif;\">So einfach k\u00f6nnen Sie Mitglied bei uns werden: mailen Sie uns oder rufen Sie eines unserer <a href=\"https:\/\/tcgwbrueserberg.de\/?page_id=461\">Vorstandsmitglieder<\/a> an, wir machen dann einen Termin, bei dem wir auch alle Fragen gleich besprechen k\u00f6nnen.<br \/>\n<\/span><\/p>\n<p><strong><span style=\"font-family: arial,helvetica,sans-serif;\">Antragsformular<\/span><\/strong><\/p>\n<p><span style=\"font-family: arial,helvetica,sans-serif;\">Wer schon alles wei\u00df und nur noch den Antrag ausf\u00fcllen m\u00f6chte:<\/span><\/p>\n<p><a href=\"https:\/\/tcgwbrueserberg.de\/wp-content\/uploads\/2026\/03\/Aufnahmeantrag_2026_Formular.pdf\">Aufnahmeantrag<\/a><\/p>\n<p style=\"padding-left: 30px;\"><span style=\"font-family: arial,helvetica,sans-serif;\">Bitte ausf\u00fcllen, ausdrucken und bei uns abgeben, einwerfen oder schicken.<\/span><\/p>\n<p><span style=\"font-family: arial,helvetica,sans-serif;\">Hier haben wir einige Informationen zu den Kosten zusammengestellt.<\/span><\/p>\n<p><strong><span style=\"font-family: arial,helvetica,sans-serif;\">Neben den Bestimmungen der Satzung gelten folgende weitere Aufnahmebedingungen:<\/span><\/strong><\/p>\n<p><span style=\"font-family: arial,helvetica,sans-serif;\">Der Jahresbeitrag betr\u00e4gt nach Beitragsart (BA) f\u00fcr<\/span><\/p>\n<table style=\"height: 199px; width: 593px;\">\n<tbody>\n<tr>\n<td style=\"width: 95px;\"><\/td>\n<td style=\"width: 338px;\"><\/td>\n<td style=\"width: 119.467px; text-align: center;\"><\/td>\n<td style=\"width: 28.5333px; text-align: center;\"><strong><span style=\"font-family: arial,helvetica,sans-serif;\">Schnuppermitglied<\/span><\/strong><br \/>\n<strong><span style=\"font-family: arial,helvetica,sans-serif;\">im 1. Jahr<\/span><\/strong><\/td>\n<\/tr>\n<tr>\n<td style=\"width: 95px; text-align: center;\"><span style=\"font-family: arial,helvetica,sans-serif;\">1<\/span><\/td>\n<td style=\"width: 338px;\"><span style=\"font-family: arial,helvetica,sans-serif;\">das Erstmitglied<\/span><\/td>\n<td style=\"width: 119.467px; text-align: center;\"><span style=\"font-family: arial,helvetica,sans-serif;\">\u20ac 295,00<\/span><\/td>\n<td style=\"width: 28.5333px; text-align: center;\"><span style=\"font-family: arial,helvetica,sans-serif;\">\u20ac 145,00<\/span><\/td>\n<\/tr>\n<tr>\n<td style=\"width: 95px; text-align: center;\"><span style=\"font-family: arial,helvetica,sans-serif;\">2<\/span><\/td>\n<td style=\"width: 338px;\"><span style=\"font-family: arial,helvetica,sans-serif;\">das Zweitmitglied mit vollzahlendem Erstmitglied <\/span><br \/>\n<span style=\"font-family: arial,helvetica,sans-serif;\">(Ehe-\/Lebenspartner)<\/span><\/td>\n<td style=\"width: 119.467px; text-align: center;\"><span style=\"font-family: arial,helvetica,sans-serif;\">\u20ac 220,00 <\/span><\/td>\n<td style=\"width: 28.5333px; text-align: center;\"><span style=\"font-family: arial,helvetica,sans-serif;\">\u20ac 110,00<\/span><\/td>\n<\/tr>\n<tr>\n<td style=\"width: 95px; text-align: center;\"><span style=\"font-family: arial,helvetica,sans-serif;\">3<\/span><\/td>\n<td style=\"width: 338px;\"><span style=\"font-family: arial,helvetica,sans-serif;\">Kinder\/Enkel in Schule\/Ausbildung\u00a0 <\/span><br \/>\n<span style=\"font-family: arial,helvetica,sans-serif;\">von einem vollzahlendem Erstmitglied nach BA 1<\/span><\/td>\n<td style=\"width: 119.467px; text-align: center;\"><span style=\"font-family: arial,helvetica,sans-serif;\">\u20ac 80,00<\/span><\/td>\n<td style=\"width: 28.5333px; text-align: center;\"><span style=\"font-family: arial,helvetica,sans-serif;\">\u20ac 40,00<\/span><\/td>\n<\/tr>\n<tr>\n<td style=\"width: 95px; text-align: center;\"><span style=\"font-family: arial,helvetica,sans-serif;\">4<\/span><\/td>\n<td style=\"width: 338px;\"><span style=\"font-family: arial,helvetica,sans-serif;\">Mitglieder in Schule\/Ausbildung ab 10 Jahre\u00a0 <\/span><\/td>\n<td style=\"width: 119.467px; text-align: center;\"><span style=\"font-family: arial,helvetica,sans-serif;\">\u20ac 140,00<\/span><\/td>\n<td style=\"width: 28.5333px; text-align: center;\"><span style=\"font-family: arial,helvetica,sans-serif;\">\u20ac 70,00<\/span><\/td>\n<\/tr>\n<tr>\n<td style=\"width: 95px; text-align: center;\"><span style=\"font-family: arial,helvetica,sans-serif;\">40<\/span><\/td>\n<td style=\"width: 338px;\"><span style=\"font-family: arial,helvetica,sans-serif;\">Mitglieder in Schule\/Ausbildung 6 bis 9 Jahre\u00a0 <\/span><\/td>\n<td style=\"width: 119.467px; text-align: center;\"><span style=\"font-family: arial,helvetica,sans-serif;\">\u20ac 100,00<\/span><\/td>\n<td style=\"width: 28.5333px; text-align: center;\"><span style=\"font-family: arial,helvetica,sans-serif;\">\u20ac 50,00<\/span><\/td>\n<\/tr>\n<tr>\n<td style=\"width: 95px; text-align: center;\"><span style=\"font-family: arial,helvetica,sans-serif;\">5<\/span><\/td>\n<td style=\"width: 338px;\"><span style=\"font-family: arial,helvetica,sans-serif;\">f\u00f6rdernde, inaktive Erst- und Zweitmitglieder nach BA 1 und 2<\/span><\/td>\n<td style=\"width: 119.467px; text-align: center;\"><span style=\"font-family: arial,helvetica,sans-serif;\">\u20ac 50,00<\/span><\/td>\n<td style=\"width: 28.5333px; text-align: center;\"><\/td>\n<\/tr>\n<tr>\n<td style=\"width: 95px; text-align: center;\"><span style=\"font-family: arial,helvetica,sans-serif;\">6<\/span><\/td>\n<td style=\"width: 338px;\"><span style=\"font-family: arial,helvetica,sans-serif;\">f\u00f6rdernde, inaktive Mitglieder nach BA 3, 4 oder 40<\/span><\/td>\n<td style=\"width: 119.467px; text-align: center;\"><span style=\"font-family: arial,helvetica,sans-serif;\">\u20ac 25,00<\/span><\/td>\n<td style=\"width: 28.5333px; text-align: center;\"><\/td>\n<\/tr>\n<tr>\n<td style=\"width: 95px; text-align: center;\"><span style=\"font-family: arial,helvetica,sans-serif;\">18<\/span><\/td>\n<td style=\"width: 338px;\"><span style=\"font-family: arial,helvetica,sans-serif;\">Gastspieler im TVM-Wettspielbetrieb<\/span><\/td>\n<td style=\"width: 119.467px; text-align: center;\"><span style=\"font-family: arial,helvetica,sans-serif;\">\u20ac 100,00<\/span><\/td>\n<td style=\"width: 28.5333px; text-align: center;\"><\/td>\n<\/tr>\n<\/tbody>\n<\/table>\n<p><span style=\"font-family: arial,helvetica,sans-serif;\">Erg\u00e4nzende Hinweise:<\/span><\/p>\n<ul>\n<li>Unter Lebenspartner sind ehe\u00e4hnliche Gemeinschaften im gleichen Haushalt zu verstehen.<\/li>\n<li>Kinder unter 6 Jahren zahlen keinen Beitrag.<\/li>\n<li>Die Mitgliedschaften mit der Bezeichnung \u201eSchule\/Ausbildung\u201c gelten f\u00fcr Sch\u00fcler, Studenten, Auszubildende, Freiwilligendienst-Leistende ohne Einkommen und l\u00e4ngstens bis zur Vollendung des 28. Lebensjahrs.<\/li>\n<li>F\u00f6rdernde, inaktive Mitglieder sind ohne Spielberechtigung.<\/li>\n<li>Mitglieder mit Zweitverein im TVM erhalten nur die Berechtigung zur Teilnahme an Medenspielen und an Mannschaftstrainingseinheiten, es gibt keine Berechtigung zur Nutzung des elektronischen Buchungssystems.<\/li>\n<\/ul>\n<ol>\n<li>Im Kalenderjahr der erstmaligen Vereinsaufnahme gelten die reduzierten Beitr\u00e4ge f\u00fcr ein \u201eSchnuppermitglied\u201c. Ein Clubdienst gem\u00e4\u00df Ziffer 7 ist im Kalenderjahr der Schnuppermitgliedschaft nicht zu leisten.<br \/>\nSofern keine K\u00fcndigung gem\u00e4\u00df \u00a7 4 der Satzung erfolgt, gelten ab dem Folgejahr die regul\u00e4ren o. g. Beitragss\u00e4tze.<\/li>\n<li>Nach dem Erhalt der schriftlichen Mitteilung \u00fcber die Aufnahme im Verein wird der Jahresbeitrag f\u00fcr das laufende Jahr unabh\u00e4ngig vom Eintrittsdatum erhoben. Alle Zahlungsverpflichtungen werden ausschlie\u00dflich mittels SEPA-Lastschriftmandat eingezogen. Jede nat\u00fcrliche Person erwirbt eine eigene Mitgliedschaft, die auch der gesonderten K\u00fcndigung nach den Vorgaben der Vereinssatzung bedarf. Die gesetzlichen Vertreter von minderj\u00e4hrigen Mitgliedern verpflichten sich mit der Unterzeichnung des Aufnahmeantrags selbstschuldnerisch zur Zahlung der Beitr\u00e4ge f\u00fcr ihre<br \/>\nminderj\u00e4hrigen Kinder.<\/li>\n<li>Wer mit der Zahlung des Jahresbeitrages trotz Zahlungserinnerung in R\u00fcckstand ger\u00e4t, verliert seine Spielberechtigung.<\/li>\n<li>F\u00fcr den Transponder der elektronischen Schlie\u00dfanlage des Vereins ist bei Erhalt eine Kaution von 30 Euro zu hinterlegen. Bei Verlust des Transponders oder bei Vereinsaustritt ohne R\u00fcckgabe des Transponders wird die Kaution f\u00fcr die Wiederbeschaffung verwendet. Einen Transponder erhalten Mitglieder ab dem 16. Lebensjahr. Mitglieder der BA 18 erhalten keinen Transponder.<\/li>\n<li>Alle Mitglieder in Ausbildung haben ab dem 18. Lebensjahr einen entsprechenden Nachweis (Sch\u00fclerausweis, Studienbescheinigung usw.) zu Beginn des Kalenderjahres vorzulegen. Wird kein Nachweis vorgelegt, ist der volle Beitrag zu zahlen. Alle \u00c4nderungen (Beendigung des Schul- oder Ausbildungsverh\u00e4ltnisses bzw. des Studiums oder des Freiwilligendienstes),<br \/>\ndie zu einer Ver\u00e4nderung des Mitgliedsbeitrages f\u00fchren, sind dem Verein zu melden.<\/li>\n<li>\u00a0Jedes Mitglied (au\u00dfer Mitglieder mit Zweitverein) ist ab Vollendung des 18. Lebensjahres verpflichtet, je Saison einen Clubdienst zu leisten. Die m\u00f6glichen Dienste werden im Aushang des Clubhauses angeboten. Wird der Dienst nicht geleistet, erh\u00f6ht sich der Jahresbeitrag f\u00fcr das laufende Jahr um 50 Euro. Der erh\u00f6hte Beitrag wird nach Abschluss der Sommersaison oder mit der n\u00e4chsten Beitragszahlung im Folgejahr in Rechnung gestellt.<\/li>\n<li>Mit Angabe einer pers\u00f6nlichen E-Mail-Adresse erkl\u00e4rt sich das Mitglied auch mit dem elektronischen Versand von Vereinspost (Einladungen zur Mitgliederversammlung, Rundschreiben) einverstanden. Alle Ver\u00e4nderungen zu den pers\u00f6nlichen Angaben sind dem Verein mitzuteilen. Bei<br \/>\nminderj\u00e4hrigen Mitgliedern wird die E-Mail-Adresse des\/der Erziehungsberechtigten verwendet.<\/li>\n<li>Durch die Annahme des Aufnahmeantrags durch den Vorstand und das daraus entstehende Vertragsverh\u00e4ltnis ist der Verein auch ohne Einwilligung des\/der Antragsstellenden berechtigt, die angegebenen personenbezogenen Daten zu speichern und zu verarbeiten, weil die Voraussetzungen nach DS-GVO (Datenschutz-Grundverordnung) Art. 6 Abs. 1 b), 1c) oder 1 f) vorliegen. Eine Information zur Speicherung personenbezogener Daten und zum Datenschutz sowie weitere Informationen zum Verein sind auf der Webseite des Vereins abrufbar: www.tcgwbrueserberg.de<\/li>\n<\/ol>\n","protected":false},"excerpt":{"rendered":"<p>So einfach k\u00f6nnen Sie Mitglied bei uns werden: mailen Sie uns oder rufen Sie eines unserer Vorstandsmitglieder an, wir machen dann einen Termin, bei dem wir auch alle Fragen gleich besprechen k\u00f6nnen. Antragsformular Wer schon alles wei\u00df und nur noch den Antrag ausf\u00fcllen m\u00f6chte: Aufnahmeantrag Bitte ausf\u00fcllen, ausdrucken und bei uns abgeben, einwerfen oder schicken. [&hellip;]<\/p>\n","protected":false},"author":1,"featured_media":0,"parent":0,"menu_order":0,"comment_status":"closed","ping_status":"closed","template":"template-fullwidth.php","meta":{"footnotes":""},"class_list":["post-551","page","type-page","status-publish","hentry"],"_links":{"self":[{"href":"https:\/\/tcgwbrueserberg.de\/index.php?rest_route=\/wp\/v2\/pages\/551","targetHints":{"allow":["GET"]}}],"collection":[{"href":"https:\/\/tcgwbrueserberg.de\/index.php?rest_route=\/wp\/v2\/pages"}],"about":[{"href":"https:\/\/tcgwbrueserberg.de\/index.php?rest_route=\/wp\/v2\/types\/page"}],"author":[{"embeddable":true,"href":"https:\/\/tcgwbrueserberg.de\/index.php?rest_route=\/wp\/v2\/users\/1"}],"replies":[{"embeddable":true,"href":"https:\/\/tcgwbrueserberg.de\/index.php?rest_route=%2Fwp%2Fv2%2Fcomments&post=551"}],"version-history":[{"count":40,"href":"https:\/\/tcgwbrueserberg.de\/index.php?rest_route=\/wp\/v2\/pages\/551\/revisions"}],"predecessor-version":[{"id":8732,"href":"https:\/\/tcgwbrueserberg.de\/index.php?rest_route=\/wp\/v2\/pages\/551\/revisions\/8732"}],"wp:attachment":[{"href":"https:\/\/tcgwbrueserberg.de\/index.php?rest_route=%2Fwp%2Fv2%2Fmedia&parent=551"}],"curies":[{"name":"wp","href":"https:\/\/api.w.org\/{rel}","templated":true}]}}