{"id":4423,"date":"2017-06-07T23:05:16","date_gmt":"2017-06-07T21:05:16","guid":{"rendered":"http:\/\/www.tcgwbrueserberg.de\/?page_id=4423"},"modified":"2025-04-08T14:15:16","modified_gmt":"2025-04-08T14:15:16","slug":"a-z","status":"publish","type":"page","link":"https:\/\/tcgwbrueserberg.de\/?page_id=4423","title":{"rendered":"A-Z"},"content":{"rendered":"<h2>TC Gr\u00fcn-Wei\u00df Br\u00fcser Berg A\u2013Z<\/h2>\n<p><strong>A \u00a0 \u00a0 \u00a0 Anlage<\/strong><\/p>\n<p style=\"padding-left: 40px;\">Unsere <a href=\"http:\/\/www.tcgwbrueserberg.de\/anlage-und-plaetze\/\">Anlage<\/a> liegt in Bonn auf dem Br\u00fcser Berg, am Rand des Kottenforstes. Es gibt 8 Sandpl\u00e4tze, eine Ballwand, zwei Hallenpl\u00e4tze, eine Tritennis-Wand, eine Tischtennisplatte, einen Kinderspielplatz, einen gro\u00dfen Parkplatz und viel Gr\u00fcn drum herum.<\/p>\n<p><strong>\u00a0 \u00a0 \u00a0 \u00a0 \u00a0 Aktivit\u00e4ten<\/strong><\/p>\n<p style=\"padding-left: 40px;\">Die ganze Saison \u00fcber bieten wir zahlreiche Aktivit\u00e4ten f\u00fcr Kinder, Jugendliche und Erwachsene an: zum Beispiel die Mixedturniere zur Saisoner\u00f6ffnung am Tag der offenen T\u00fcr, das Pfingstdoppelturnier, Jugend- und Erwachsenencamps und die Clubmeisterschaften mit einem Clubfest am Endspieltag. Alle Termine werden im j\u00e4hrlichen Mitgliederbrief, im Newsletter, auf der <a href=\"http:\/\/www.tcgwbrueserberg.de\/termine\/\">Homepage<\/a> und durch Aush\u00e4nge im Club bekannt gegeben.<\/p>\n<p><strong>B \u00a0 \u00a0 \u00a0\u00a0Beitr\u00e4ge<\/strong><\/p>\n<p style=\"padding-left: 40px;\">Der aktuelle Jahresbeitrag betr\u00e4gt f\u00fcr ein erwachsenes Erstmitglied 265 Euro. Als Schnuppermitgliedschaft werden im ersten Jahr reduzierte Beitr\u00e4ge, kostenlose Trainerstunden sowie weitere Verg\u00fcnstigungen angeboten.<\/p>\n<ul>\n<li style=\"list-style-type: none;\">\n<ul>\n<li>Erstmitglied: 265 Euro<\/li>\n<li>Ehe-\/Lebenspartner: 195 Euro<\/li>\n<li>Kinder\/Enkel in Ausbildung: 80 Euro<\/li>\n<li>Mitglieder in Ausbildung ab 10 Jahre: 140 Euro<\/li>\n<li>Mitglieder in Ausbildung bis 9 Jahre: 100 Euro<\/li>\n<li>F\u00f6rdernde, inaktive Erwachsene: 50 Euro<\/li>\n<li>F\u00f6rdernde, inaktive Kinder und Jugendliche: 25 Euro<\/li>\n<li>Gastspieler im TVM Wettspielbetrieb: 100 Euro<\/li>\n<\/ul>\n<\/li>\n<\/ul>\n<p style=\"padding-left: 40px;\"><strong>Buchung der Pl\u00e4tze<\/strong> <br \/>Die Buchung der Pl\u00e4tze erfolgt online \u00fcber das Buchungssystem <a href=\"https:\/\/tcgwbrueserberg.ebusy.de\">eBuSy<\/a>. Die Zugangsdaten erhalten alle Mitglieder zum Eintritt automatisch. Die Buchung kann von zu Hause aus oder vor Ort im Clubhaus erfolgen.<\/p>\n<p><strong>C \u00a0 \u00a0 \u00a0 Clubhaus<\/strong><\/p>\n<p style=\"padding-left: 40px;\">Unser Clubhaus ist der zentrale Treffpunkt auf der Anlage \u2013 mit gro\u00dfer \u00fcberdachter Terrasse, auf der wir bei jedem Wetter gerne zusammensitzen.<\/p>\n<p style=\"padding-left: 40px;\"><strong>Clubmeisterschaften<\/strong><\/p>\n<p style=\"padding-left: 40px;\">Die Clubmeisterschaften im Einzel, Doppel und Mixed werden \u00fcber die Sommersaison ausgespielt, die Endspiele finden an einem Wochenende im September statt. Die ausgespielten Altersklassen ergeben sich nach dem Stand der Anmeldungen. Termine f\u00fcr die Meldung und die Endspiele werden rechtzeitig auf der Homepage und durch Aush\u00e4nge im Clubhaus bekannt gegeben.<\/p>\n<p><strong>D \u00a0 \u00a0 \u00a0\u00a0Dienste<\/strong><\/p>\n<p style=\"padding-left: 40px;\">Alle aktiven Mitglieder zwischen 18 und 80 Jahren haben die Verpflichtung, einmal im Jahr einen Dienst f\u00fcr den Club von 3 Stunden zu leisten. Von der Pflege von Clubhaus und Anlage bis zur Bewirtung bei Turnieren und Medenspielen gibt es eine gro\u00dfe Auswahl an Diensten, die im Clubhaus ausgeh\u00e4ngt und immer wieder aktualisiert werden. Alle Mitglieder, die ihren Dienst nicht leisten, zahlen daf\u00fcr einen erh\u00f6hten Beitrag von 50 Euro, der nach Abschluss der Sommersaison f\u00e4llig ist.<\/p>\n<p style=\"padding-left: 40px;\"><strong>DTB Tennis-Sportabzeichen<\/strong><\/p>\n<p style=\"padding-left: 40px;\">Mitglieder aller Altersstufen und Spielst\u00e4rken k\u00f6nnen bei uns das DTB Tennis-Sportabzeichen erwerben. Es gibt vier Spielstufen, f\u00fcr die jeweils verschiedene Aufgaben rund um Tennis, Koordination und Kondition gestellt werden. Die Termine finden in der Sommersaison statt und werden rechtzeitig bekannt gegeben.<\/p>\n<p><strong>E \u00a0 \u00a0 \u00a0 Engagement<\/strong><\/p>\n<p style=\"padding-left: 40px;\">Unser Club lebt vom Engagement aller Mitglieder. Das f\u00e4ngt bei der Fr\u00fchjahrsaktion an, wenn die Pl\u00e4tze aus dem Winterschlaf geholt werden und h\u00f6rt mit Saisonende im Herbst nicht auf. Gemeinsam k\u00fcmmern wir uns um die Pflege der Pl\u00e4tze und aller Einrichtungen. Dazu geh\u00f6rt zum Beispiel auch, f\u00fcr Ordnung auf der Anlage und im Clubhaus zu sorgen, M\u00fcll zu trennen und zu entsorgen, eigene Getr\u00e4nkeflaschen auch wieder mitzunehmen, die Sp\u00fclmaschine ein- und auszur\u00e4umen, im K\u00fchlschrank abgestellte Speisen zu beschriften und rechtzeitig zu entsorgen etc. Ideen, was wir verbessern k\u00f6nnen, nimmt der Vorstand gerne pers\u00f6nlich oder unter <a href=\"mailto:info@tcgwbrueserberg.de\">info@tcgwbrueserberg.de<\/a> entgegen \u2013 auch das ist ein Engagement, \u00fcber das wir uns freuen.<\/p>\n<p style=\"padding-left: 40px;\"><strong>E-Mail<\/strong><\/p>\n<p style=\"padding-left: 40px;\">Der einfachste Weg, um Infos aus dem Club zu erhalten: zum Beispiel die Einladung zur Mitgliederversammlung und die j\u00e4hrlichen Informationen nach der Versammlung, regelm\u00e4\u00dfige Newsletter und aktuelle Informationen. Ein Formular zur (datenschutzkonformen) Angabe oder \u00c4nderung der E-Mail-Adresse ist auf der <a href=\"https:\/\/tcgwbrueserberg.de\/?page_id=7077\">Homepage<\/a> zu finden. Dort stehen auch die E-Mail-Adressen der <a href=\"https:\/\/tcgwbrueserberg.de\/?page_id=461\">Ansprechpartner aus dem Vorstand<\/a>.<\/p>\n<p><strong>F \u00a0 \u00a0 \u00a0 F\u00f6rderung Jugend und Erwachsene<\/strong><\/p>\n<p style=\"padding-left: 40px;\">F\u00fcr Kinder und Jugendliche gibt es ein eigenes F\u00f6rderprogramm: Junge Spielerinnen und Spieler, die sich im Training und den Mannschaftsspielen besonders hervortun, erhalten zus\u00e4tzlich kostenlose Trainerstunden. Die Auswahl wird von unserem Vorstand f\u00fcr Jugendsport in Absprache mit den Trainern und dem Vorstand getroffen. Auch Spielerinnen und Spieler der Damen- und Herrenmannschaften werden mit kostenlosen Trainingseinheiten gef\u00f6rdert. Ansprechpartner sind die <a href=\"https:\/\/tcgwbrueserberg.de\/?page_id=461\">Vorst\u00e4nde Jugend- und Erwachsenensport<\/a>.<\/p>\n<p><strong>G \u00a0 \u00a0 \u00a0 Gastspieler<\/strong><\/p>\n<p style=\"padding-left: 40px;\">G\u00e4ste k\u00f6nnen bis zu acht Mal pro Jahr gemeinsam mit einem Clubmitglied zu bestimmten Zeiten und gegen eine Gastgeb\u00fchr (8 Euro pro Stunde f\u00fcr Erwachsene, 6 Euro f\u00fcr Kinder und Jugendliche) bei uns auf der Anlage spielen. Das gilt auch f\u00fcr Trainingsstunden. In der <a href=\"https:\/\/tcgwbrueserberg.de\/?page_id=3531\">G\u00e4steordnung<\/a> auf unserer Webseite finden sich genaue Infos zu den Konditionen.<\/p>\n<p><strong>H \u00a0 \u00a0 \u00a0 Hallen<\/strong><\/p>\n<p style=\"padding-left: 40px;\">Zum Verein geh\u00f6ren zwei Hallenpl\u00e4tze. Das Spielen in den Hallen ist im Sommer f\u00fcr Mitglieder kostenlos. Bei Regen stehen die Hallenpl\u00e4tze mit Priorit\u00e4t f\u00fcr Medenspiele, Trainerstunden und angesetzte Clubturniere zur Verf\u00fcgung. In der Wintersaison k\u00f6nnen die Hallen von Mitgliedern und Nichtmitgliedern sowohl f\u00fcr Einzelstunden als auch im Abo gemietet werden. N\u00e4here Informationen zur Buchung sowie zu den verschiedenen Preisen stehen auf unserer <a href=\"https:\/\/tcgwbrueserberg.de\/?page_id=6925\">Homepage<\/a>. Die Buchung von Einzelstunden erfolgt online \u00fcber die Seite <a href=\"https:\/\/tcgwbrueserberg.ebusy.de\">tcgwbrueserberg.ebusy.de<\/a>.<\/p>\n<p style=\"padding-left: 40px;\"><strong>Hallenbelag<\/strong><\/p>\n<p style=\"padding-left: 40px;\">Als einzige Halle im Umkreis bieten wir mit den Tennis Force HS (Hydroslide)-B\u00f6den die gleichen Bedingungen f\u00fcr das Tennisspiel wie drau\u00dfen. Der Belag ist wie im Au\u00dfenbereich aus Ziegelmehl, muss jedoch nicht bew\u00e4ssert werden, Staubentwicklung wird verhindert. Durch diesen Belag ist Rutschen und Gleiten m\u00f6glich \u2013 das schont die Gelenke und erleichtert die Umstellung zwischen Winter- und Sommersaison. Nach dem Spiel bitte das gro\u00dffl\u00e4chige Abziehen des Platzes und das Kehren der Linien nicht vergessen.<\/p>\n<p style=\"padding-left: 40px;\"><strong>Hunde<\/strong><\/p>\n<p style=\"padding-left: 40px;\">Hunde sind bei uns auf der Anlage immer willkommen \u2013 wir bitten alle Mitglieder und G\u00e4ste, sich an die Leinenpflicht zu halten und darauf zu achten, dass die Hunde keine B\u00e4llchen von den Pl\u00e4tzen holen. Eine Hundetr\u00e4nke steht auf der Terrasse bereit.<\/p>\n<p><strong>I \u00a0 \u00a0 \u00a0 \u00a0Inaktive Mitglieder<\/strong><\/p>\n<p style=\"padding-left: 40px;\">Wer selbst nicht aktiv Tennis spielen oder unseren Verein einfach nur unterst\u00fctzen m\u00f6chte, kann inaktives, d. h. f\u00f6rderndes Mitglied werden. Der Beitrag f\u00fcr inaktive Mitglieder betr\u00e4gt f\u00fcr Erwachsende 50 Euro und f\u00fcr Kinder und Jugendliche in Ausbildung 25 Euro. Inaktive Mitglieder sind herzlich eingeladen, an allen Veranstaltungen des Vereins teilzunehmen \u2013 und gerne jederzeit (wieder) aktives Mitglied zu werden.<\/p>\n<p style=\"padding-left: 40px;\"><strong>Internet<\/strong><\/p>\n<p style=\"padding-left: 40px;\">Alle wichtigen Infos zu unserem Club findet ihr auf unserer Homepage: Termine, Infos zu Mannschaften und Ergebnissen, Hallen und Abopreisen, Aktuelles und Fotos von der Anlage. F\u00fcr wichtige Infos und Formulare gibt es einen Downloadbereich. Es lohnt sich, regelm\u00e4\u00dfig vorbeizuschauen.<\/p>\n<p><strong>J \u00a0 \u00a0 \u00a0 Jugend<\/strong><\/p>\n<p style=\"padding-left: 40px;\">Circa 15 Prozent unserer Vereinsmitglieder sind unter 18 Jahre alt. Diesen Anteil versuchen wir weiter zu erh\u00f6hen. Ein Teil der Jugendlichen spielt in Mannschaften, aber auch die anderen kommen nicht zu kurz: Spa\u00dfturniere, Clubmeisterschaften, Freundschaftsspiele, Jugendcamps und Trainingsgruppen sind f\u00fcr alle da \u2013 Informationen dazu sind auf unserer Homepage zu finden. Zu den Beitr\u00e4gen f\u00fcr Kinder und Jugendliche siehe unter \u201eBeitrag\u201c.<\/p>\n<p style=\"padding-left: 40px;\"><strong>Jugendordnung<\/strong><\/p>\n<p style=\"padding-left: 40px;\">Die <a href=\"http:\/\/www.tcgwbrueserberg.de\/download\/\">Jugendordnung<\/a> regelt die Selbstverwaltung (nach \u00a7 10 der Vereinssatzung) sowie die Rechte und Pflichten der jugendlichen Mitglieder. Durch Jugendausschuss und Jugendversammlung k\u00f6nnen Beschl\u00fcsse gefasst und Antr\u00e4ge an die ordentliche Mitgliederversammlung gestellt werden.<\/p>\n<p><strong>K \u00a0 \u00a0 \u00a0 Kaution<\/strong><\/p>\n<p style=\"padding-left: 40px;\">F\u00fcr den Transponder (digitaler Schl\u00fcssel zur Tennisanlage, zum Clubhaus und zu den Sanit\u00e4rr\u00e4umen) ist eine Kaution in H\u00f6he von 30 Euro zu hinterlegen. Bei Verlust sind die Wiederbeschaffungskosten zu bezahlen.<\/p>\n<p style=\"padding-left: 40px;\"><strong>Kinder <\/strong><\/p>\n<p style=\"padding-left: 40px;\">Kinder sind bei uns auf der Tennisanlage gerne gesehen. Wir haben einen eigenen Spielplatz und eine gro\u00dfe Wiese, auf der die Kinder gerne zusammen spielen. Nat\u00fcrlich k\u00f6nnen Kinder bei uns auch Tennis spielen \u2013 siehe dazu oben die Punkte \u201eJugend\u201c und \u201eJugendf\u00f6rderung\u201c.<\/p>\n<p><strong>M \u00a0 \u00a0 \u00a0Mannschaften<\/strong><\/p>\n<p style=\"padding-left: 40px;\">In jeder Saison nehmen die Mannschaften des TCGW (Damen, Herren, Jugend, jeweils mit verschiedenen Altersklassen) an den Medenspielen des Tennisverbands Mittelrhein (TVM) teil. Die Spielklassen und Ergebnisse k\u00f6nnen \u00fcber unsere Webseite mit einem Link zum TVM abgefragt werden. Zus\u00e4tzlich organisieren sich unsere Seniorinnen und Senioren in Freizeitmannschaften, die ihre Spiele unabh\u00e4ngig vom TVM-Betrieb austragen.<\/p>\n<p style=\"padding-left: 40px;\"><strong>Medenspiele<\/strong><\/p>\n<p style=\"padding-left: 40px;\">Die Termine der Heim- und Ausw\u00e4rtsspiele unserer Mannschaften stehen auf unserer <a href=\"http:\/\/www.tcgwbrueserberg.de\/termine\/\">Webseite<\/a> und h\u00e4ngen auf der Anlage im Schaukasten aus. Die Mannschaften freuen sich \u00fcber Unterst\u00fctzung durch viele Zuschauer! Die reservierten Pl\u00e4tze stehen erst nach Ende des Medenspiels wieder f\u00fcr alle Mitglieder zur Verf\u00fcgung.<\/p>\n<p><strong>N \u00a0 \u00a0 \u00a0Newcomer<\/strong><\/p>\n<p style=\"padding-left: 40px;\">F\u00fcr alle neuen Mitglieder gibt es zu Saisonbeginn einen Newcomer-Treff im Clubhaus. Bei einem \u2013 oder mehreren \u2013 Gl\u00e4sern Sekt und Saft gibt es eine Einf\u00fchrung zur Mitgliedschaft und zum Spielen bei uns im Club. Alle Mitglieder, die im Winter oder zu Beginn der Saison eintreten, erhalten eine Einladung zu diesem Treffen.<\/p>\n<p><strong>O \u00a0 \u00a0 \u00a0 Outfit<\/strong><\/p>\n<p style=\"padding-left: 40px;\">Das Tennis-Outfit ist Geschmackssache. Wichtig sind aber die richtigen Tennisschuhe: Die Schuhe sollten f\u00fcr den Belag \u201eSandplatz\u201c oder \u201eAll Court\u201c zugelassen sein. Jogging- oder andere Sportschuhe machen die Pl\u00e4tze kaputt und sind deshalb zum Spielen nicht geeignet.\u00a0<\/p>\n<p><strong>P \u00a0 \u00a0 \u00a0 Platzpflege<\/strong><\/p>\n<p style=\"padding-left: 40px;\">Die Pl\u00e4tze sind unser Kapital. Es ist f\u00fcr alle Mitglieder selbstverst\u00e4ndlich, die Pl\u00e4tze gut zu pflegen: das hei\u00dft zum Beispiel, sie an trockenen oder hei\u00dfen Tagen vor dem Spiel ausreichend zu w\u00e4ssern, nach dem Spiel den Platz von Zaun zu Zaun gr\u00fcndlich abzuziehen und die Linien zu fegen. Eine Anleitung h\u00e4ngt an den Pl\u00e4tzen aus. Der Platzwart achtet mit darauf, dass alles gut gepflegt wird und gibt gerne Tipps!<\/p>\n<p style=\"padding-left: 40px;\"><strong>Parkplatz<\/strong><\/p>\n<p style=\"padding-left: 40px;\">Unser Club hat einen gro\u00dfen privaten Parkplatz, der von allen Mitgliedern und G\u00e4sten des Vereins genutzt werden kann.<\/p>\n<p style=\"padding-left: 40px;\"><strong>Probespielen<\/strong><\/p>\n<p style=\"padding-left: 40px;\">Interessenten k\u00f6nnen bei uns ein oder zwei Probestunden mit einem Trainer oder in Abstimmung mit dem Vorstand mit einem Mitglied spielen. Termine vermittelt der Vorstand.<\/p>\n<p><strong>Q \u00a0 \u00a0 \u00a0 Querelen<\/strong><\/p>\n<p style=\"padding-left: 40px;\">Gibt\u2019s in unserem Verein nat\u00fcrlich nicht! Fairness und Respekt im Sport und dar\u00fcber hinaus sind selbstverst\u00e4ndlich. Falls doch einmal Konflikte auftreten, hilft unser Vorstand gerne weiter. Wir finden f\u00fcr (fast) alles eine L\u00f6sung!<\/p>\n<p><strong>S \u00a0 \u00a0 \u00a0 Saison<\/strong><\/p>\n<p style=\"padding-left: 40px;\">Die Au\u00dfensaison beginnt und endet je nach Wetterlage \u2013 meist von Anfang\/Mitte April bis Anfang November. Die Wintersaison hat feste Termine und dauert 30 Wochen, in dieser Zeit sind die Hallen per Abo und in Einzelstunden zu buchen. Die genauen <a href=\"https:\/\/tcgwbrueserberg.de\/?page_id=6013\">Termine<\/a> stehen auf der Homepage und werden rechtzeitig bekannt gegeben.<\/p>\n<p style=\"padding-left: 40px;\"><strong>Spieldauer<\/strong><\/p>\n<p style=\"padding-left: 40px;\">Die Spieldauer f\u00fcr einen reservierten Platz betr\u00e4gt eine Stunde und beginnt zur vollen Stunde. F\u00fcr Doppel k\u00f6nnen zwei Stunden reserviert werden. Freie, nicht reservierte Pl\u00e4tze oder reservierte Pl\u00e4tze, die nach 10 Minuten nicht belegt sind, k\u00f6nnen von allen Mitgliedern genutzt werden.<\/p>\n<p style=\"padding-left: 40px;\"><strong>Spielpartnerinnen und -partner<\/strong><\/p>\n<p style=\"padding-left: 40px;\">F\u00fcr die Suche von Spiel- und Trainingspartnerinnen und -partnern gibt es eine eigene Whatsapp-Gruppe \u201eTennisverabredung\u201c. Ansprechpartner und Gruppenadministratoren sind <a href=\"https:\/\/tcgwbrueserberg.de\/?page_id=461\">Vera Kreuzner und Sven Mohr<\/a>.<\/p>\n<p><strong>T \u00a0 \u00a0 \u00a0 Training<\/strong><\/p>\n<p style=\"padding-left: 40px;\">Das Trainerteam sowie das Jugend- und Erwachsenentraining wird von unserem hauptberuflichen Trainer <a href=\"http:\/\/www.tcgwbrueserberg.de\/trainer\/\">Daniel Lippok<\/a> koordiniert. Platz 5 ist grunds\u00e4tzlich f\u00fcr das Training reserviert. F\u00fcr das Mannschaftstraining steht allen Mannschaften ein Platz pro Woche f\u00fcr 2 Stunden zur Verf\u00fcgung. Kontakt Training: Daniel Lippok, 0179 7673015 oder daniel.lippok@web.de. Kontakt Platzreservierung Mannschaften: Karsten Klinke, sport@tcgwbrueserberg.de.<\/p>\n<p style=\"padding-left: 40px;\"><strong>Tennistreff<\/strong><\/p>\n<p style=\"padding-left: 40px;\">Im Sommer findet regelm\u00e4\u00dfig ein organisierter Tennistreff statt. Eine Anmeldung ist nicht erforderlich. An dem Tennistreff kann jedes Mitglied sowie interessierte G\u00e4ste kostenlos teilnehmen. Die Termine werden auf unserer Webseite bekannt gegeben und h\u00e4ngen im Schaukasten aus.<\/p>\n<p><strong>U \u00a0 \u00a0 \u00a0 Umkleide<\/strong><\/p>\n<p style=\"padding-left: 40px;\">Im Untergeschoss des Clubhauses befinden sich Umkleiden und Duschen f\u00fcr Damen (links) und Herren (rechts).<\/p>\n<p><strong>V \u00a0 \u00a0 \u00a0 Vorstand<\/strong><\/p>\n<p style=\"padding-left: 40px;\">Der Vorstand besteht aus 10 Mitgliedern. Er wird alle zwei Jahre von der Mitgliederversammlung gew\u00e4hlt. Der aktuelle Vorstand mit Kontaktdaten ist auf unserer <a href=\"https:\/\/tcgwbrueserberg.de\/?page_id=461\">Webseite<\/a> zu finden.<\/p>\n<p><strong>W \u00a0 \u00a0 \u00a0W\u00e4ssern<\/strong><\/p>\n<p style=\"padding-left: 40px;\">Das W\u00e4ssern der Pl\u00e4tze geh\u00f6rt zur Platzpflege vor dem Spiel \u2013 vor allem aber an trockenen, hei\u00dfen Tagen. Es ist f\u00fcr den Zustand und den Erhalt der Pl\u00e4tze sehr wichtig, dass die Pl\u00e4tze ausreichend Wasser bekommen. Unsere automatische Bew\u00e4sserungsanlage hilft dabei und ist nach Einweisung einfach zu bedienen.<\/p>\n<p><strong>XY<\/strong><\/p>\n<p style=\"padding-left: 40px;\">Wem zu diesen beiden Buchstaben etwas Vereins- bzw. Tennisspezifisches einf\u00e4llt, bekommt ein Freigetr\u00e4nk\/Freieis!<\/p>\n<p><strong>Z \u00a0 \u00a0 \u00a0 Zuschlie\u00dfen<\/strong><\/p>\n<p style=\"padding-left: 40px;\">Wer als Letzte oder Letzter die Anlage verl\u00e4sst, hat die Aufgabe, alles abzuschlie\u00dfen: Clubhaus- und Kellert\u00fcr, Hallent\u00fcren, die T\u00fcr zur Anlage. Am Clubhaus ist auch das Metallrollo an der T\u00fcr zu schlie\u00dfen.<\/p>\n<p>Stand: Oktober 2024<\/p>\n\n\n<p><\/p>\n","protected":false},"excerpt":{"rendered":"<p>TC Gr\u00fcn-Wei\u00df Br\u00fcser Berg A\u2013Z A \u00a0 \u00a0 \u00a0 Anlage Unsere Anlage liegt in Bonn auf dem Br\u00fcser Berg, am Rand des Kottenforstes. Es gibt 8 Sandpl\u00e4tze, eine Ballwand, zwei Hallenpl\u00e4tze, eine Tritennis-Wand, eine Tischtennisplatte, einen Kinderspielplatz, einen gro\u00dfen Parkplatz und viel Gr\u00fcn drum herum. \u00a0 \u00a0 \u00a0 \u00a0 \u00a0 Aktivit\u00e4ten Die ganze Saison \u00fcber [&hellip;]<\/p>\n","protected":false},"author":1,"featured_media":0,"parent":0,"menu_order":0,"comment_status":"closed","ping_status":"closed","template":"","meta":{"footnotes":""},"class_list":["post-4423","page","type-page","status-publish","hentry"],"_links":{"self":[{"href":"https:\/\/tcgwbrueserberg.de\/index.php?rest_route=\/wp\/v2\/pages\/4423","targetHints":{"allow":["GET"]}}],"collection":[{"href":"https:\/\/tcgwbrueserberg.de\/index.php?rest_route=\/wp\/v2\/pages"}],"about":[{"href":"https:\/\/tcgwbrueserberg.de\/index.php?rest_route=\/wp\/v2\/types\/page"}],"author":[{"embeddable":true,"href":"https:\/\/tcgwbrueserberg.de\/index.php?rest_route=\/wp\/v2\/users\/1"}],"replies":[{"embeddable":true,"href":"https:\/\/tcgwbrueserberg.de\/index.php?rest_route=%2Fwp%2Fv2%2Fcomments&post=4423"}],"version-history":[{"count":41,"href":"https:\/\/tcgwbrueserberg.de\/index.php?rest_route=\/wp\/v2\/pages\/4423\/revisions"}],"predecessor-version":[{"id":8609,"href":"https:\/\/tcgwbrueserberg.de\/index.php?rest_route=\/wp\/v2\/pages\/4423\/revisions\/8609"}],"wp:attachment":[{"href":"https:\/\/tcgwbrueserberg.de\/index.php?rest_route=%2Fwp%2Fv2%2Fmedia&parent=4423"}],"curies":[{"name":"wp","href":"https:\/\/api.w.org\/{rel}","templated":true}]}}