{"id":3531,"date":"2016-09-11T13:43:45","date_gmt":"2016-09-11T11:43:45","guid":{"rendered":"http:\/\/tcgwbb.azurewebsites.net\/?page_id=3531"},"modified":"2022-05-05T10:54:46","modified_gmt":"2022-05-05T08:54:46","slug":"gaesteordnung","status":"publish","type":"page","link":"https:\/\/tcgwbrueserberg.de\/?page_id=3531","title":{"rendered":"G\u00e4steordnung"},"content":{"rendered":"<p><span style=\"font-family: arial,helvetica,sans-serif;\"><strong>G\u00e4steordnung<\/strong><\/span><\/p>\n<ol>\n<li>G\u00e4ste sind auf der Anlage herzlich willkommen. Jedes aktive Mitglied kann G\u00e4ste zum Spielen mit auf die Anlage bringen.<\/li>\n<li>Pro Gast muss mindestens ein aktives Mitglied auf dem Platz sein.<\/li>\n<li><strong>Voraussetzung f\u00fcr eine Gastbuchung ist, dass der Platz vorher \u00fcber das Buchungssystem eBuSy gebucht wird und der Name des Gastes dort als Mitspieler eingetragen wird. Bitte folgt den Schritten im Buchungssystem.<br \/>\n<\/strong><\/li>\n<li><strong>Vor dem Spielen ist die Gastspielgeb\u00fchr in einem Briefumschlag, auf dem Spieldatum, Name des Mitglieds und des Gastes stehen, im Briefkasten im Clubhaus einzuwerfen.<\/strong> Briefumschl\u00e4ge liegen im Clubhaus f\u00fcr euch bereit.<br \/>\nDie Gastspielgeb\u00fchr betr\u00e4gt pro Person und pro Stunde:<\/p>\n<ul>\n<li>Erwachsene: 8 Euro<\/li>\n<li>Kinder und Jugendliche: 6 Euro<\/li>\n<li>Die Gastgeb\u00fchr richtet sich nach dem Status des Gastes. Wenn ein jugendliches Mitglied mit einem erwachsenen Gast spielt, sind 8 Euro pro Stunde zu zahlen.<\/li>\n<li>F\u00fcr Doppel betr\u00e4gt die Gastspielgeb\u00fchr ebenfalls 8 bzw. 6 Euro pro Gast und gilt f\u00fcr bis zu zwei Stunden Spielzeit. Spielen zwei Mitglieder mit zwei G\u00e4sten, zahlen beide G\u00e4ste eine Gastspielgeb\u00fchr. Wird nur eine Stunde gespielt, ist trotzdem die volle Geb\u00fchr f\u00e4llig.<\/li>\n<\/ul>\n<\/li>\n<\/ol>\n<ol start=\"5\">\n<li>Die Platzbelegung erfolgt wie die Platzbelegung f\u00fcr Mitglieder ganzst\u00fcndig.<\/li>\n<li>Jeder Gast kann h\u00f6chstens bis zu acht Mal pro Saison auf der Anlage spielen. Eine h\u00e4ufigere Nutzung setzt eine Mitgliedschaft im Verein voraus.<\/li>\n<li>\u00dcber Ausnahmen \u2013 z.B. Schnupperstunden von Interessenten \u2013 entscheidet der Vorstand.<\/li>\n<li>F\u00fcr die Einhaltung der Spiel- und G\u00e4steordnung und in allen anderen Belangen ist das Clubmitglied verantwortlich.<\/li>\n<li>Das Betreten der Clubanlage und der Hallen durch G\u00e4ste erfolgt auf eigene Gefahr.\u00a0Eine Haftung des Vereins bei Unf\u00e4llen, Verlust, Diebstahl, Personen-, Sach- und Verm\u00f6genssch\u00e4den innerhalb und au\u00dferhalb der Anlage, auch auf den Zufahrten und Parkpl\u00e4tzen, ist ausgeschlossen. Es besteht insbesondere keine Haftung bei Verletzungen oder Diebstahl\/Verlust an Kleidung, Ausr\u00fcstung, Wertgegenst\u00e4nden gleich welcher Art sowie bei Entwendung und Besch\u00e4digung von Fahrzeugen.<\/li>\n<\/ol>\n","protected":false},"excerpt":{"rendered":"<p>G\u00e4steordnung G\u00e4ste sind auf der Anlage herzlich willkommen. Jedes aktive Mitglied kann G\u00e4ste zum Spielen mit auf die Anlage bringen. Pro Gast muss mindestens ein aktives Mitglied auf dem Platz sein. Voraussetzung f\u00fcr eine Gastbuchung ist, dass der Platz vorher \u00fcber das Buchungssystem eBuSy gebucht wird und der Name des Gastes dort als Mitspieler eingetragen [&hellip;]<\/p>\n","protected":false},"author":1,"featured_media":0,"parent":0,"menu_order":0,"comment_status":"closed","ping_status":"closed","template":"","meta":{"footnotes":""},"class_list":["post-3531","page","type-page","status-publish","hentry"],"_links":{"self":[{"href":"https:\/\/tcgwbrueserberg.de\/index.php?rest_route=\/wp\/v2\/pages\/3531","targetHints":{"allow":["GET"]}}],"collection":[{"href":"https:\/\/tcgwbrueserberg.de\/index.php?rest_route=\/wp\/v2\/pages"}],"about":[{"href":"https:\/\/tcgwbrueserberg.de\/index.php?rest_route=\/wp\/v2\/types\/page"}],"author":[{"embeddable":true,"href":"https:\/\/tcgwbrueserberg.de\/index.php?rest_route=\/wp\/v2\/users\/1"}],"replies":[{"embeddable":true,"href":"https:\/\/tcgwbrueserberg.de\/index.php?rest_route=%2Fwp%2Fv2%2Fcomments&post=3531"}],"version-history":[{"count":19,"href":"https:\/\/tcgwbrueserberg.de\/index.php?rest_route=\/wp\/v2\/pages\/3531\/revisions"}],"predecessor-version":[{"id":7668,"href":"https:\/\/tcgwbrueserberg.de\/index.php?rest_route=\/wp\/v2\/pages\/3531\/revisions\/7668"}],"wp:attachment":[{"href":"https:\/\/tcgwbrueserberg.de\/index.php?rest_route=%2Fwp%2Fv2%2Fmedia&parent=3531"}],"curies":[{"name":"wp","href":"https:\/\/api.w.org\/{rel}","templated":true}]}}